{"id":222,"date":"2026-04-13T05:07:20","date_gmt":"2026-04-13T05:07:20","guid":{"rendered":"https:\/\/vieclamviet.net\/?page_id=222"},"modified":"2026-04-16T04:46:14","modified_gmt":"2026-04-16T04:46:14","slug":"tuyen-dung","status":"publish","type":"page","link":"https:\/\/vieclamviet.net\/index.php\/tuyen-dung\/","title":{"rendered":"Tuy\u1ec3n d\u1ee5ng"},"content":{"rendered":"\n<figure class=\"wp-block-embed is-type-wp-embed is-provider-vi-c-l-m-vi-t wp-block-embed-vi-c-l-m-vi-t\"><div class=\"wp-block-embed__wrapper\">\n<blockquote class=\"wp-embedded-content\" data-secret=\"Y1BgOwuHfG\"><a href=\"https:\/\/vieclamviet.net\/index.php\/2026\/04\/16\/don-lao-dong-18b-moi-nhat-16-04-2026\/\">\u0110\u01a1n Lao \u0110\u1ed9ng 18B m\u1edbi nh\u1ea5t (16.04.2026)<\/a><\/blockquote><iframe loading=\"lazy\" class=\"wp-embedded-content\" sandbox=\"allow-scripts\" security=\"restricted\" style=\"position: absolute; visibility: hidden;\" title=\"&#8220;\u0110\u01a1n Lao \u0110\u1ed9ng 18B m\u1edbi nh\u1ea5t (16.04.2026)&#8221; &#8212; Vi\u1ec7c L\u00e0m Vi\u1ec7t\" src=\"https:\/\/vieclamviet.net\/index.php\/2026\/04\/16\/don-lao-dong-18b-moi-nhat-16-04-2026\/embed\/#?secret=LUwM4m2Z2y#?secret=Y1BgOwuHfG\" data-secret=\"Y1BgOwuHfG\" width=\"500\" height=\"282\" frameborder=\"0\" marginwidth=\"0\" marginheight=\"0\" scrolling=\"no\"><\/iframe>\n<\/div><\/figure>\n\n\n\n<figure class=\"wp-block-embed is-type-wp-embed is-provider-vi-c-l-m-vi-t wp-block-embed-vi-c-l-m-vi-t\"><div class=\"wp-block-embed__wrapper\">\n<blockquote class=\"wp-embedded-content\" data-secret=\"Q5FPt6DMjj\"><a href=\"https:\/\/vieclamviet.net\/index.php\/2026\/04\/13\/tuyen-nam-phu-bep-18b-wurzburg-trung-tam-2\/\">TUY\u1ec2N NAM PH\u1ee4 B\u1ebeP 18b\u2013 W\u00dcRZBURG (TRUNG T\u00c2M)<\/a><\/blockquote><iframe loading=\"lazy\" class=\"wp-embedded-content\" sandbox=\"allow-scripts\" security=\"restricted\" style=\"position: absolute; visibility: hidden;\" title=\"&#8220;TUY\u1ec2N NAM PH\u1ee4 B\u1ebeP 18b\u2013 W\u00dcRZBURG (TRUNG T\u00c2M)&#8221; &#8212; Nh\u00e2n l\u1ef1c Vi\u1ec7t\" src=\"https:\/\/vieclamviet.net\/index.php\/2026\/04\/13\/tuyen-nam-phu-bep-18b-wurzburg-trung-tam-2\/embed\/#?secret=35GcaMvgL8#?secret=Q5FPt6DMjj\" data-secret=\"Q5FPt6DMjj\" width=\"500\" height=\"282\" frameborder=\"0\" marginwidth=\"0\" marginheight=\"0\" scrolling=\"no\"><\/iframe>\n<\/div><\/figure>\n\n\n\n<figure class=\"wp-block-embed is-type-wp-embed is-provider-vi-c-l-m-vi-t wp-block-embed-vi-c-l-m-vi-t\"><div class=\"wp-block-embed__wrapper\">\n<blockquote class=\"wp-embedded-content\" data-secret=\"l8bb4U5CEz\"><a href=\"https:\/\/vieclamviet.net\/index.php\/2026\/04\/13\/don-lao-dong-18b\/\">\u0110\u01a0N LAO \u0110\u1ed8NG 18B<\/a><\/blockquote><iframe loading=\"lazy\" class=\"wp-embedded-content\" sandbox=\"allow-scripts\" security=\"restricted\" style=\"position: absolute; visibility: hidden;\" title=\"&#8220;\u0110\u01a0N LAO \u0110\u1ed8NG 18B&#8221; &#8212; Nh\u00e2n l\u1ef1c Vi\u1ec7t\" src=\"https:\/\/vieclamviet.net\/index.php\/2026\/04\/13\/don-lao-dong-18b\/embed\/#?secret=tEspZF9PF8#?secret=l8bb4U5CEz\" data-secret=\"l8bb4U5CEz\" width=\"500\" height=\"282\" frameborder=\"0\" marginwidth=\"0\" marginheight=\"0\" scrolling=\"no\"><\/iframe>\n<\/div><\/figure>\n\n\n\n<figure class=\"wp-block-embed is-type-wp-embed is-provider-vi-c-l-m-vi-t wp-block-embed-vi-c-l-m-vi-t\"><div class=\"wp-block-embed__wrapper\">\n<blockquote class=\"wp-embedded-content\" data-secret=\"vEVJNU2kL5\"><a href=\"https:\/\/vieclamviet.net\/index.php\/2026\/04\/13\/don-18b-nghe-nails-ve-ludwigsburg-hamburg\/\">\u0110\u01a0N 18B, NGH\u1ec0 NAILS V\u1ec0: LUDWIGSBURG &amp; HAMBURG<\/a><\/blockquote><iframe loading=\"lazy\" class=\"wp-embedded-content\" sandbox=\"allow-scripts\" security=\"restricted\" style=\"position: absolute; visibility: hidden;\" title=\"&#8220;\u0110\u01a0N 18B, NGH\u1ec0 NAILS V\u1ec0: LUDWIGSBURG &amp; HAMBURG&#8221; &#8212; Nh\u00e2n l\u1ef1c Vi\u1ec7t\" src=\"https:\/\/vieclamviet.net\/index.php\/2026\/04\/13\/don-18b-nghe-nails-ve-ludwigsburg-hamburg\/embed\/#?secret=oTRHmQ8dGK#?secret=vEVJNU2kL5\" data-secret=\"vEVJNU2kL5\" width=\"500\" height=\"282\" frameborder=\"0\" marginwidth=\"0\" marginheight=\"0\" scrolling=\"no\"><\/iframe>\n<\/div><\/figure>\n\n\n\n<figure class=\"wp-block-embed is-type-wp-embed is-provider-vi-c-l-m-vi-t wp-block-embed-vi-c-l-m-vi-t\"><div class=\"wp-block-embed__wrapper\">\n<blockquote class=\"wp-embedded-content\" data-secret=\"4lt5OkGC8E\"><a href=\"https:\/\/vieclamviet.net\/index.php\/2026\/04\/13\/chuong-trinh-tuyen-ausbildung-nganh-y-te-tai-duc\/\">CH\u01af\u01a0NG TR\u00ccNH TUY\u1ec2N AUSBILDUNG NG\u00c0NH Y T\u1ebe T\u1ea0I \u0110\u1ee8C<\/a><\/blockquote><iframe loading=\"lazy\" class=\"wp-embedded-content\" sandbox=\"allow-scripts\" security=\"restricted\" style=\"position: absolute; visibility: hidden;\" title=\"&#8220;CH\u01af\u01a0NG TR\u00ccNH TUY\u1ec2N AUSBILDUNG NG\u00c0NH Y T\u1ebe T\u1ea0I \u0110\u1ee8C&#8221; &#8212; Nh\u00e2n l\u1ef1c Vi\u1ec7t\" src=\"https:\/\/vieclamviet.net\/index.php\/2026\/04\/13\/chuong-trinh-tuyen-ausbildung-nganh-y-te-tai-duc\/embed\/#?secret=GE5vL5yoPS#?secret=4lt5OkGC8E\" data-secret=\"4lt5OkGC8E\" width=\"500\" height=\"282\" frameborder=\"0\" marginwidth=\"0\" marginheight=\"0\" scrolling=\"no\"><\/iframe>\n<\/div><\/figure>\n\n\n\n<figure class=\"wp-block-embed is-type-wp-embed is-provider-vi-c-l-m-vi-t wp-block-embed-vi-c-l-m-vi-t\"><div class=\"wp-block-embed__wrapper\">\n<blockquote class=\"wp-embedded-content\" data-secret=\"xRMi6xsbsZ\"><a href=\"https:\/\/vieclamviet.net\/index.php\/2026\/04\/13\/don-18a-b-tuyen-10-nhan-vien-tho-dien\/\">\u0110\u01a0N 18A, B, TUY\u1ec2N 10 NH\u00c2N VI\u00caN TH\u1ee2 \u0110I\u1ec6N<\/a><\/blockquote><iframe loading=\"lazy\" class=\"wp-embedded-content\" sandbox=\"allow-scripts\" security=\"restricted\" style=\"position: absolute; visibility: hidden;\" title=\"&#8220;\u0110\u01a0N 18A, B, TUY\u1ec2N 10 NH\u00c2N VI\u00caN TH\u1ee2 \u0110I\u1ec6N&#8221; &#8212; Nh\u00e2n l\u1ef1c Vi\u1ec7t\" src=\"https:\/\/vieclamviet.net\/index.php\/2026\/04\/13\/don-18a-b-tuyen-10-nhan-vien-tho-dien\/embed\/#?secret=hl28ZCdGWF#?secret=xRMi6xsbsZ\" data-secret=\"xRMi6xsbsZ\" width=\"500\" height=\"282\" frameborder=\"0\" marginwidth=\"0\" marginheight=\"0\" scrolling=\"no\"><\/iframe>\n<\/div><\/figure>\n\n\n\n<figure class=\"wp-block-embed is-type-wp-embed is-provider-vi-c-l-m-vi-t wp-block-embed-vi-c-l-m-vi-t\"><div class=\"wp-block-embed__wrapper\">\n<blockquote class=\"wp-embedded-content\" data-secret=\"dMkWkdcDXi\"><a href=\"https:\/\/vieclamviet.net\/index.php\/2026\/04\/13\/don-18b-tuyen-20-nhan-vien-che-bien-thuc-pham\/\">\u0110\u01a0N 18B, TUY\u1ec2N 20 NH\u00c2N VI\u00caN CH\u1ebe BI\u1ebeN TH\u1ef0C PH\u1ea8M<\/a><\/blockquote><iframe loading=\"lazy\" class=\"wp-embedded-content\" sandbox=\"allow-scripts\" security=\"restricted\" style=\"position: absolute; visibility: hidden;\" title=\"&#8220;\u0110\u01a0N 18B, TUY\u1ec2N 20 NH\u00c2N VI\u00caN CH\u1ebe BI\u1ebeN TH\u1ef0C PH\u1ea8M&#8221; &#8212; Nh\u00e2n l\u1ef1c Vi\u1ec7t\" src=\"https:\/\/vieclamviet.net\/index.php\/2026\/04\/13\/don-18b-tuyen-20-nhan-vien-che-bien-thuc-pham\/embed\/#?secret=uUpkdgmXzz#?secret=dMkWkdcDXi\" data-secret=\"dMkWkdcDXi\" width=\"500\" height=\"282\" frameborder=\"0\" marginwidth=\"0\" marginheight=\"0\" scrolling=\"no\"><\/iframe>\n<\/div><\/figure>\n\n\n\n<figure class=\"wp-block-embed is-type-wp-embed is-provider-vi-c-l-m-vi-t wp-block-embed-vi-c-l-m-vi-t\"><div class=\"wp-block-embed__wrapper\">\n<blockquote class=\"wp-embedded-content\" data-secret=\"nwWT5411cw\"><a href=\"https:\/\/vieclamviet.net\/index.php\/2026\/04\/13\/don-lao-dong-18b-2\/\">\u0110\u01a0N LAO \u0110\u1ed8NG 18B<\/a><\/blockquote><iframe loading=\"lazy\" class=\"wp-embedded-content\" sandbox=\"allow-scripts\" security=\"restricted\" style=\"position: absolute; visibility: hidden;\" title=\"&#8220;\u0110\u01a0N LAO \u0110\u1ed8NG 18B&#8221; &#8212; Nh\u00e2n l\u1ef1c Vi\u1ec7t\" src=\"https:\/\/vieclamviet.net\/index.php\/2026\/04\/13\/don-lao-dong-18b-2\/embed\/#?secret=ZxPLevtGLj#?secret=nwWT5411cw\" data-secret=\"nwWT5411cw\" width=\"500\" height=\"282\" frameborder=\"0\" marginwidth=\"0\" marginheight=\"0\" scrolling=\"no\"><\/iframe>\n<\/div><\/figure>\n","protected":false},"excerpt":{"rendered":"","protected":false},"author":1,"featured_media":0,"parent":0,"menu_order":0,"comment_status":"closed","ping_status":"closed","template":"","meta":{"site-sidebar-layout":"default","site-content-layout":"","ast-site-content-layout":"default","site-content-style":"default","site-sidebar-style":"default","ast-global-header-display":"","ast-banner-title-visibility":"","ast-main-header-display":"","ast-hfb-above-header-display":"","ast-hfb-below-header-display":"","ast-hfb-mobile-header-display":"","site-post-title":"","ast-breadcrumbs-content":"","ast-featured-img":"","footer-sml-layout":"","ast-disable-related-posts":"","theme-transparent-header-meta":"","adv-header-id-meta":"","stick-header-meta":"","header-above-stick-meta":"","header-main-stick-meta":"","header-below-stick-meta":"","astra-migrate-meta-layouts":"default","ast-page-background-enabled":"default","ast-page-background-meta":{"desktop":{"background-color":"var(--ast-global-color-5)","background-image":"","background-repeat":"repeat","background-position":"center center","background-size":"auto","background-attachment":"scroll","background-type":"","background-media":"","overlay-type":"","overlay-color":"","overlay-opacity":"","overlay-gradient":""},"tablet":{"background-color":"","background-image":"","background-repeat":"repeat","background-position":"center center","background-size":"auto","background-attachment":"scroll","background-type":"","background-media":"","overlay-type":"","overlay-color":"","overlay-opacity":"","overlay-gradient":""},"mobile":{"background-color":"","background-image":"","background-repeat":"repeat","background-position":"center center","background-size":"auto","background-attachment":"scroll","background-type":"","background-media":"","overlay-type":"","overlay-color":"","overlay-opacity":"","overlay-gradient":""}},"ast-content-background-meta":{"desktop":{"background-color":"var(--ast-global-color-4)","background-image":"","background-repeat":"repeat","background-position":"center center","background-size":"auto","background-attachment":"scroll","background-type":"","background-media":"","overlay-type":"","overlay-color":"","overlay-opacity":"","overlay-gradient":""},"tablet":{"background-color":"var(--ast-global-color-4)","background-image":"","background-repeat":"repeat","background-position":"center center","background-size":"auto","background-attachment":"scroll","background-type":"","background-media":"","overlay-type":"","overlay-color":"","overlay-opacity":"","overlay-gradient":""},"mobile":{"background-color":"var(--ast-global-color-4)","background-image":"","background-repeat":"repeat","background-position":"center center","background-size":"auto","background-attachment":"scroll","background-type":"","background-media":"","overlay-type":"","overlay-color":"","overlay-opacity":"","overlay-gradient":""}},"footnotes":""},"class_list":["post-222","page","type-page","status-publish","hentry"],"_links":{"self":[{"href":"https:\/\/vieclamviet.net\/index.php\/wp-json\/wp\/v2\/pages\/222","targetHints":{"allow":["GET"]}}],"collection":[{"href":"https:\/\/vieclamviet.net\/index.php\/wp-json\/wp\/v2\/pages"}],"about":[{"href":"https:\/\/vieclamviet.net\/index.php\/wp-json\/wp\/v2\/types\/page"}],"author":[{"embeddable":true,"href":"https:\/\/vieclamviet.net\/index.php\/wp-json\/wp\/v2\/users\/1"}],"replies":[{"embeddable":true,"href":"https:\/\/vieclamviet.net\/index.php\/wp-json\/wp\/v2\/comments?post=222"}],"version-history":[{"count":13,"href":"https:\/\/vieclamviet.net\/index.php\/wp-json\/wp\/v2\/pages\/222\/revisions"}],"predecessor-version":[{"id":553,"href":"https:\/\/vieclamviet.net\/index.php\/wp-json\/wp\/v2\/pages\/222\/revisions\/553"}],"wp:attachment":[{"href":"https:\/\/vieclamviet.net\/index.php\/wp-json\/wp\/v2\/media?parent=222"}],"curies":[{"name":"wp","href":"https:\/\/api.w.org\/{rel}","templated":true}]}}