{"id":294,"date":"2026-04-13T05:59:36","date_gmt":"2026-04-13T05:59:36","guid":{"rendered":"https:\/\/vieclamviet.net\/?page_id=294"},"modified":"2026-04-13T14:49:32","modified_gmt":"2026-04-13T14:49:32","slug":"du-hoc-nghe-nhks","status":"publish","type":"page","link":"https:\/\/vieclamviet.net\/index.php\/du-hoc-nghe-nhks\/","title":{"rendered":"Du h\u1ecdc ngh\u1ec1 NHKS"},"content":{"rendered":"\n<div class=\"wp-block-columns is-layout-flex wp-container-core-columns-is-layout-28f84493 wp-block-columns-is-layout-flex\">\n<div class=\"wp-block-column is-layout-flow wp-block-column-is-layout-flow\" style=\"flex-basis:50%\">\n<div class=\"wp-block-group is-layout-constrained wp-block-group-is-layout-constrained\">\n<div class=\"wp-block-columns is-layout-flex wp-container-core-columns-is-layout-28f84493 wp-block-columns-is-layout-flex\">\n<div class=\"wp-block-column is-layout-flow wp-block-column-is-layout-flow\" style=\"flex-basis:100%\">\n<div class=\"wp-block-group is-layout-constrained wp-block-group-is-layout-constrained\">\n<div class=\"wp-block-columns is-layout-flex wp-container-core-columns-is-layout-28f84493 wp-block-columns-is-layout-flex\">\n<div class=\"wp-block-column is-layout-flow wp-block-column-is-layout-flow\" style=\"flex-basis:50%\">\n<figure class=\"wp-block-image size-large\"><img decoding=\"async\" src=\"https:\/\/xkld.thanhgiang.com.vn\/wp-content\/uploads\/2018\/09\/chon-cong-viec-phu-hop-khi-di-xkld-nhat-ban-1.jpg\" alt=\"\"\/><\/figure>\n<\/div>\n\n\n\n<div class=\"wp-block-column is-vertically-aligned-center is-layout-flow wp-block-column-is-layout-flow\" style=\"flex-basis:50%\">\n<figure class=\"wp-block-embed is-type-wp-embed is-provider-vi-c-l-m-vi-t wp-block-embed-vi-c-l-m-vi-t\"><div class=\"wp-block-embed__wrapper\">\n<blockquote class=\"wp-embedded-content\" data-secret=\"NacmQoaCji\"><a href=\"https:\/\/vieclamviet.net\/index.php\/2026\/04\/13\/tuyen-sinh-du-hoc-nghe-nha-hang-khach-san-tai-duc-2026\/\">Tuy\u1ec3n sinh du h\u1ecdc ngh\u1ec1 nh\u00e0 h\u00e0ng kh\u00e1ch s\u1ea1n t\u1ea1i \u0110\u1ee9c 2026<\/a><\/blockquote><iframe loading=\"lazy\" class=\"wp-embedded-content\" sandbox=\"allow-scripts\" security=\"restricted\" style=\"position: absolute; visibility: hidden;\" title=\"&#8220;Tuy\u1ec3n sinh du h\u1ecdc ngh\u1ec1 nh\u00e0 h\u00e0ng kh\u00e1ch s\u1ea1n t\u1ea1i \u0110\u1ee9c 2026&#8221; &#8212; Vi\u1ec7c L\u00e0m Vi\u1ec7t\" src=\"https:\/\/vieclamviet.net\/index.php\/2026\/04\/13\/tuyen-sinh-du-hoc-nghe-nha-hang-khach-san-tai-duc-2026\/embed\/#?secret=PInOwPcPjI#?secret=NacmQoaCji\" data-secret=\"NacmQoaCji\" width=\"500\" height=\"282\" frameborder=\"0\" marginwidth=\"0\" marginheight=\"0\" scrolling=\"no\"><\/iframe>\n<\/div><\/figure>\n<\/div>\n<\/div>\n\n\n\n<div class=\"wp-block-columns is-layout-flex wp-container-core-columns-is-layout-28f84493 wp-block-columns-is-layout-flex\">\n<div class=\"wp-block-column is-layout-flow wp-block-column-is-layout-flow\" style=\"flex-basis:50%\">\n<figure class=\"wp-block-image size-large\"><img decoding=\"async\" src=\"https:\/\/duhocvanminh76.vn\/wp-content\/uploads\/2024\/06\/nha-hang-khach-san-2.jpg\" alt=\"\"\/><\/figure>\n<\/div>\n\n\n\n<div class=\"wp-block-column is-layout-flow wp-block-column-is-layout-flow\" style=\"flex-basis:50%\">\n<figure class=\"wp-block-embed is-type-wp-embed is-provider-vi-c-l-m-vi-t wp-block-embed-vi-c-l-m-vi-t\"><div class=\"wp-block-embed__wrapper\">\n<blockquote class=\"wp-embedded-content\" data-secret=\"nnhQGI9Zju\"><a href=\"https:\/\/vieclamviet.net\/index.php\/2026\/04\/13\/du-hoc-nganh-nghe-quan-tri-nha-hang-khach-san-tai-duc-nam-2026\/\">Du h\u1ecdc ng\u00e0nh ngh\u1ec1 qu\u1ea3n tr\u1ecb nh\u00e0 h\u00e0ng kh\u00e1ch s\u1ea1n t\u1ea1i \u0110\u1ee9c n\u0103m 2026<\/a><\/blockquote><iframe loading=\"lazy\" class=\"wp-embedded-content\" sandbox=\"allow-scripts\" security=\"restricted\" style=\"position: absolute; visibility: hidden;\" title=\"&#8220;Du h\u1ecdc ng\u00e0nh ngh\u1ec1 qu\u1ea3n tr\u1ecb nh\u00e0 h\u00e0ng kh\u00e1ch s\u1ea1n t\u1ea1i \u0110\u1ee9c n\u0103m 2026&#8221; &#8212; Vi\u1ec7c L\u00e0m Vi\u1ec7t\" src=\"https:\/\/vieclamviet.net\/index.php\/2026\/04\/13\/du-hoc-nganh-nghe-quan-tri-nha-hang-khach-san-tai-duc-nam-2026\/embed\/#?secret=YORFSq8Ypn#?secret=nnhQGI9Zju\" data-secret=\"nnhQGI9Zju\" width=\"500\" height=\"282\" frameborder=\"0\" marginwidth=\"0\" marginheight=\"0\" scrolling=\"no\"><\/iframe>\n<\/div><\/figure>\n<\/div>\n<\/div>\n<\/div>\n<\/div>\n<\/div>\n<\/div>\n<\/div>\n\n\n\n<div class=\"wp-block-column is-layout-flow wp-block-column-is-layout-flow\" style=\"flex-basis:50%\">\n<div class=\"wp-block-group is-layout-constrained wp-block-group-is-layout-constrained\">\n<p><strong><a href=\"https:\/\/vieclamviet.net\/index.php\/du-hoc-nghe-duc\/\">Xem th\u00eam <\/a><\/strong><\/p>\n\n\n\n<figure class=\"wp-block-embed is-type-wp-embed is-provider-vi-c-l-m-vi-t wp-block-embed-vi-c-l-m-vi-t\"><div class=\"wp-block-embed__wrapper\">\n<blockquote class=\"wp-embedded-content\" data-secret=\"GFyXiiWi9o\"><a href=\"https:\/\/vieclamviet.net\/index.php\/du-hoc-nghe-khac\/\">Du h\u1ecdc ngh\u1ec1 kh\u00e1c<\/a><\/blockquote><iframe loading=\"lazy\" class=\"wp-embedded-content\" sandbox=\"allow-scripts\" security=\"restricted\" style=\"position: absolute; visibility: hidden;\" title=\"&#8220;Du h\u1ecdc ngh\u1ec1 kh\u00e1c&#8221; &#8212; Vi\u1ec7c L\u00e0m Vi\u1ec7t\" src=\"https:\/\/vieclamviet.net\/index.php\/du-hoc-nghe-khac\/embed\/#?secret=EnfZuYPo8f#?secret=GFyXiiWi9o\" data-secret=\"GFyXiiWi9o\" width=\"500\" height=\"282\" frameborder=\"0\" marginwidth=\"0\" marginheight=\"0\" scrolling=\"no\"><\/iframe>\n<\/div><\/figure>\n\n\n\n<figure class=\"wp-block-embed is-type-wp-embed is-provider-vi-c-l-m-vi-t wp-block-embed-vi-c-l-m-vi-t\"><div class=\"wp-block-embed__wrapper\">\n<blockquote class=\"wp-embedded-content\" data-secret=\"DXu2vyn4AR\"><a href=\"https:\/\/vieclamviet.net\/index.php\/du-hoc-nghe-dieu-duong\/\">Du h\u1ecdc ngh\u1ec1 \u0111i\u1ec1u d\u01b0\u1ee1ng<\/a><\/blockquote><iframe loading=\"lazy\" class=\"wp-embedded-content\" sandbox=\"allow-scripts\" security=\"restricted\" style=\"position: absolute; visibility: hidden;\" title=\"&#8220;Du h\u1ecdc ngh\u1ec1 \u0111i\u1ec1u d\u01b0\u1ee1ng&#8221; &#8212; Vi\u1ec7c L\u00e0m Vi\u1ec7t\" src=\"https:\/\/vieclamviet.net\/index.php\/du-hoc-nghe-dieu-duong\/embed\/#?secret=6M9edsFDfI#?secret=DXu2vyn4AR\" data-secret=\"DXu2vyn4AR\" width=\"500\" height=\"282\" frameborder=\"0\" marginwidth=\"0\" marginheight=\"0\" scrolling=\"no\"><\/iframe>\n<\/div><\/figure>\n\n\n\n<figure class=\"wp-block-embed is-type-wp-embed is-provider-vi-c-l-m-vi-t wp-block-embed-vi-c-l-m-vi-t\"><div class=\"wp-block-embed__wrapper\">\n<blockquote class=\"wp-embedded-content\" data-secret=\"dHnrwZnQje\"><a href=\"https:\/\/vieclamviet.net\/index.php\/du-hoc-nganh-ky-thuat\/\">Du h\u1ecdc ng\u00e0nh k\u1ef9 thu\u1eadt<\/a><\/blockquote><iframe loading=\"lazy\" class=\"wp-embedded-content\" sandbox=\"allow-scripts\" security=\"restricted\" style=\"position: absolute; visibility: hidden;\" title=\"&#8220;Du h\u1ecdc ng\u00e0nh k\u1ef9 thu\u1eadt&#8221; &#8212; Vi\u1ec7c L\u00e0m Vi\u1ec7t\" src=\"https:\/\/vieclamviet.net\/index.php\/du-hoc-nganh-ky-thuat\/embed\/#?secret=Ti9TQjinWv#?secret=dHnrwZnQje\" data-secret=\"dHnrwZnQje\" width=\"500\" height=\"282\" frameborder=\"0\" marginwidth=\"0\" marginheight=\"0\" scrolling=\"no\"><\/iframe>\n<\/div><\/figure>\n<\/div>\n<\/div>\n<\/div>\n","protected":false},"excerpt":{"rendered":"<p>Xem th\u00eam<\/p>\n","protected":false},"author":1,"featured_media":0,"parent":0,"menu_order":0,"comment_status":"closed","ping_status":"closed","template":"","meta":{"site-sidebar-layout":"default","site-content-layout":"","ast-site-content-layout":"default","site-content-style":"default","site-sidebar-style":"default","ast-global-header-display":"","ast-banner-title-visibility":"","ast-main-header-display":"","ast-hfb-above-header-display":"","ast-hfb-below-header-display":"","ast-hfb-mobile-header-display":"","site-post-title":"","ast-breadcrumbs-content":"","ast-featured-img":"","footer-sml-layout":"","ast-disable-related-posts":"","theme-transparent-header-meta":"","adv-header-id-meta":"","stick-header-meta":"","header-above-stick-meta":"","header-main-stick-meta":"","header-below-stick-meta":"","astra-migrate-meta-layouts":"default","ast-page-background-enabled":"default","ast-page-background-meta":{"desktop":{"background-color":"var(--ast-global-color-5)","background-image":"","background-repeat":"repeat","background-position":"center center","background-size":"auto","background-attachment":"scroll","background-type":"","background-media":"","overlay-type":"","overlay-color":"","overlay-opacity":"","overlay-gradient":""},"tablet":{"background-color":"","background-image":"","background-repeat":"repeat","background-position":"center center","background-size":"auto","background-attachment":"scroll","background-type":"","background-media":"","overlay-type":"","overlay-color":"","overlay-opacity":"","overlay-gradient":""},"mobile":{"background-color":"","background-image":"","background-repeat":"repeat","background-position":"center center","background-size":"auto","background-attachment":"scroll","background-type":"","background-media":"","overlay-type":"","overlay-color":"","overlay-opacity":"","overlay-gradient":""}},"ast-content-background-meta":{"desktop":{"background-color":"var(--ast-global-color-4)","background-image":"","background-repeat":"repeat","background-position":"center center","background-size":"auto","background-attachment":"scroll","background-type":"","background-media":"","overlay-type":"","overlay-color":"","overlay-opacity":"","overlay-gradient":""},"tablet":{"background-color":"var(--ast-global-color-4)","background-image":"","background-repeat":"repeat","background-position":"center center","background-size":"auto","background-attachment":"scroll","background-type":"","background-media":"","overlay-type":"","overlay-color":"","overlay-opacity":"","overlay-gradient":""},"mobile":{"background-color":"var(--ast-global-color-4)","background-image":"","background-repeat":"repeat","background-position":"center center","background-size":"auto","background-attachment":"scroll","background-type":"","background-media":"","overlay-type":"","overlay-color":"","overlay-opacity":"","overlay-gradient":""}},"footnotes":""},"class_list":["post-294","page","type-page","status-publish","hentry"],"_links":{"self":[{"href":"https:\/\/vieclamviet.net\/index.php\/wp-json\/wp\/v2\/pages\/294","targetHints":{"allow":["GET"]}}],"collection":[{"href":"https:\/\/vieclamviet.net\/index.php\/wp-json\/wp\/v2\/pages"}],"about":[{"href":"https:\/\/vieclamviet.net\/index.php\/wp-json\/wp\/v2\/types\/page"}],"author":[{"embeddable":true,"href":"https:\/\/vieclamviet.net\/index.php\/wp-json\/wp\/v2\/users\/1"}],"replies":[{"embeddable":true,"href":"https:\/\/vieclamviet.net\/index.php\/wp-json\/wp\/v2\/comments?post=294"}],"version-history":[{"count":4,"href":"https:\/\/vieclamviet.net\/index.php\/wp-json\/wp\/v2\/pages\/294\/revisions"}],"predecessor-version":[{"id":465,"href":"https:\/\/vieclamviet.net\/index.php\/wp-json\/wp\/v2\/pages\/294\/revisions\/465"}],"wp:attachment":[{"href":"https:\/\/vieclamviet.net\/index.php\/wp-json\/wp\/v2\/media?parent=294"}],"curies":[{"name":"wp","href":"https:\/\/api.w.org\/{rel}","templated":true}]}}