{"id":392,"date":"2026-04-13T07:53:56","date_gmt":"2026-04-13T07:53:56","guid":{"rendered":"https:\/\/vieclamviet.net\/?page_id=392"},"modified":"2026-04-14T04:12:48","modified_gmt":"2026-04-14T04:12:48","slug":"hoat-dong-khac","status":"publish","type":"page","link":"https:\/\/vieclamviet.net\/index.php\/hoat-dong-khac\/","title":{"rendered":"Ho\u1ea1t \u0111\u1ed9ng kh\u00e1c"},"content":{"rendered":"\n<div class=\"wp-block-columns is-layout-flex wp-container-core-columns-is-layout-28f84493 wp-block-columns-is-layout-flex\">\n<div class=\"wp-block-column is-layout-flow wp-block-column-is-layout-flow\" style=\"flex-basis:50%\">\n<figure class=\"wp-block-image size-large\"><img loading=\"lazy\" decoding=\"async\" width=\"1024\" height=\"768\" src=\"https:\/\/vieclamviet.net\/wp-content\/uploads\/2026\/04\/z7714006134391_ed34b934c31749952bc0685bbf375f16-1024x768.jpg\" alt=\"\" class=\"wp-image-401\" srcset=\"https:\/\/vieclamviet.net\/wp-content\/uploads\/2026\/04\/z7714006134391_ed34b934c31749952bc0685bbf375f16-1024x768.jpg 1024w, https:\/\/vieclamviet.net\/wp-content\/uploads\/2026\/04\/z7714006134391_ed34b934c31749952bc0685bbf375f16-300x225.jpg 300w, https:\/\/vieclamviet.net\/wp-content\/uploads\/2026\/04\/z7714006134391_ed34b934c31749952bc0685bbf375f16-768x576.jpg 768w, https:\/\/vieclamviet.net\/wp-content\/uploads\/2026\/04\/z7714006134391_ed34b934c31749952bc0685bbf375f16.jpg 1280w\" sizes=\"auto, (max-width: 1024px) 100vw, 1024px\" \/><\/figure>\n<\/div>\n\n\n\n<div class=\"wp-block-column is-vertically-aligned-center is-layout-flow wp-block-column-is-layout-flow\" style=\"flex-basis:50%\">\n<figure class=\"wp-block-embed is-type-wp-embed is-provider-vi-c-l-m-vi-t wp-block-embed-vi-c-l-m-vi-t\"><div class=\"wp-block-embed__wrapper\">\n<blockquote class=\"wp-embedded-content\" data-secret=\"tjc1IkoC0z\"><a href=\"https:\/\/vieclamviet.net\/index.php\/2026\/04\/13\/nhung-buoi-chia-se-co-hoi-du-hoc-nghe-duc\/\">Nh\u1eefng bu\u1ed5i chia s\u1ebd c\u01a1 h\u1ed9i du h\u1ecdc ngh\u1ec1 \u0110\u1ee9c<\/a><\/blockquote><iframe loading=\"lazy\" class=\"wp-embedded-content\" sandbox=\"allow-scripts\" security=\"restricted\" style=\"position: absolute; visibility: hidden;\" title=\"&#8220;Nh\u1eefng bu\u1ed5i chia s\u1ebd c\u01a1 h\u1ed9i du h\u1ecdc ngh\u1ec1 \u0110\u1ee9c&#8221; &#8212; Vi\u1ec7c L\u00e0m Vi\u1ec7t\" src=\"https:\/\/vieclamviet.net\/index.php\/2026\/04\/13\/nhung-buoi-chia-se-co-hoi-du-hoc-nghe-duc\/embed\/#?secret=DNsbEpZV1A#?secret=tjc1IkoC0z\" data-secret=\"tjc1IkoC0z\" width=\"500\" height=\"282\" frameborder=\"0\" marginwidth=\"0\" marginheight=\"0\" scrolling=\"no\"><\/iframe>\n<\/div><\/figure>\n<\/div>\n<\/div>\n\n\n\n<div class=\"wp-block-columns is-layout-flex wp-container-core-columns-is-layout-28f84493 wp-block-columns-is-layout-flex\">\n<div class=\"wp-block-column is-layout-flow wp-block-column-is-layout-flow\" style=\"flex-basis:50%\">\n<figure class=\"wp-block-image size-large\"><img loading=\"lazy\" decoding=\"async\" width=\"1024\" height=\"768\" src=\"https:\/\/vieclamviet.net\/wp-content\/uploads\/2026\/04\/z7714007274289_bcea44798f0aabb9079fe9622ad80cf1-3-1024x768.jpg\" alt=\"\" class=\"wp-image-519\" srcset=\"https:\/\/vieclamviet.net\/wp-content\/uploads\/2026\/04\/z7714007274289_bcea44798f0aabb9079fe9622ad80cf1-3-1024x768.jpg 1024w, https:\/\/vieclamviet.net\/wp-content\/uploads\/2026\/04\/z7714007274289_bcea44798f0aabb9079fe9622ad80cf1-3-300x225.jpg 300w, https:\/\/vieclamviet.net\/wp-content\/uploads\/2026\/04\/z7714007274289_bcea44798f0aabb9079fe9622ad80cf1-3-768x576.jpg 768w, https:\/\/vieclamviet.net\/wp-content\/uploads\/2026\/04\/z7714007274289_bcea44798f0aabb9079fe9622ad80cf1-3-1536x1152.jpg 1536w, https:\/\/vieclamviet.net\/wp-content\/uploads\/2026\/04\/z7714007274289_bcea44798f0aabb9079fe9622ad80cf1-3-2048x1536.jpg 2048w\" sizes=\"auto, (max-width: 1024px) 100vw, 1024px\" \/><\/figure>\n<\/div>\n\n\n\n<div class=\"wp-block-column is-vertically-aligned-center is-layout-flow wp-block-column-is-layout-flow\" style=\"flex-basis:50%\">\n<figure class=\"wp-block-embed is-type-wp-embed is-provider-vi-c-l-m-vi-t wp-block-embed-vi-c-l-m-vi-t\"><div class=\"wp-block-embed__wrapper\">\n<blockquote class=\"wp-embedded-content\" data-secret=\"OMPF7DSWDX\"><a href=\"https:\/\/vieclamviet.net\/index.php\/2026\/04\/14\/hanh-trinh-van-dam-rat-vui-mung-khi-duoc-tien-cac-ban-hoc-vien-tim-duoc-co-hoi-hoc-tap-va-lam-viec-tai-duc\/\">H\u00e0nh tr\u00ecnh v\u1ea1n d\u1eb7m, r\u1ea5t vui m\u1eebng khi \u0111\u01b0\u1ee3c ti\u1ec5n c\u00e1c B\u1ea1n h\u1ecdc vi\u00ean t\u00ecm \u0111\u01b0\u1ee3c c\u01a1 h\u1ed9i h\u1ecdc t\u1eadp v\u00e0 l\u00e0m vi\u1ec7c t\u1ea1i \u0110\u1ee9c.<\/a><\/blockquote><iframe loading=\"lazy\" class=\"wp-embedded-content\" sandbox=\"allow-scripts\" security=\"restricted\" style=\"position: absolute; visibility: hidden;\" title=\"&#8220;H\u00e0nh tr\u00ecnh v\u1ea1n d\u1eb7m, r\u1ea5t vui m\u1eebng khi \u0111\u01b0\u1ee3c ti\u1ec5n c\u00e1c B\u1ea1n h\u1ecdc vi\u00ean t\u00ecm \u0111\u01b0\u1ee3c c\u01a1 h\u1ed9i h\u1ecdc t\u1eadp v\u00e0 l\u00e0m vi\u1ec7c t\u1ea1i \u0110\u1ee9c.&#8221; &#8212; Vi\u1ec7c L\u00e0m Vi\u1ec7t\" src=\"https:\/\/vieclamviet.net\/index.php\/2026\/04\/14\/hanh-trinh-van-dam-rat-vui-mung-khi-duoc-tien-cac-ban-hoc-vien-tim-duoc-co-hoi-hoc-tap-va-lam-viec-tai-duc\/embed\/#?secret=MxDnNXgUAb#?secret=OMPF7DSWDX\" data-secret=\"OMPF7DSWDX\" width=\"500\" height=\"282\" frameborder=\"0\" marginwidth=\"0\" marginheight=\"0\" scrolling=\"no\"><\/iframe>\n<\/div><\/figure>\n<\/div>\n<\/div>\n\n\n\n<div class=\"wp-block-columns is-layout-flex wp-container-core-columns-is-layout-28f84493 wp-block-columns-is-layout-flex\">\n<div class=\"wp-block-column is-layout-flow wp-block-column-is-layout-flow\" style=\"flex-basis:50%\">\n<figure class=\"wp-block-image size-large\"><img loading=\"lazy\" decoding=\"async\" width=\"1024\" height=\"682\" src=\"https:\/\/vieclamviet.net\/wp-content\/uploads\/2026\/04\/z7713906372442_c36f66ca21dbdbbf286d01fc03def83f-1-1024x682.jpg\" alt=\"\" class=\"wp-image-549\" srcset=\"https:\/\/vieclamviet.net\/wp-content\/uploads\/2026\/04\/z7713906372442_c36f66ca21dbdbbf286d01fc03def83f-1-1024x682.jpg 1024w, https:\/\/vieclamviet.net\/wp-content\/uploads\/2026\/04\/z7713906372442_c36f66ca21dbdbbf286d01fc03def83f-1-300x200.jpg 300w, https:\/\/vieclamviet.net\/wp-content\/uploads\/2026\/04\/z7713906372442_c36f66ca21dbdbbf286d01fc03def83f-1-768x512.jpg 768w, https:\/\/vieclamviet.net\/wp-content\/uploads\/2026\/04\/z7713906372442_c36f66ca21dbdbbf286d01fc03def83f-1-1536x1024.jpg 1536w, https:\/\/vieclamviet.net\/wp-content\/uploads\/2026\/04\/z7713906372442_c36f66ca21dbdbbf286d01fc03def83f-1-2048x1365.jpg 2048w\" sizes=\"auto, (max-width: 1024px) 100vw, 1024px\" \/><\/figure>\n<\/div>\n\n\n\n<div class=\"wp-block-column is-vertically-aligned-center is-layout-flow wp-block-column-is-layout-flow\" style=\"flex-basis:50%\">\n<figure class=\"wp-block-embed is-type-wp-embed is-provider-vi-c-l-m-vi-t wp-block-embed-vi-c-l-m-vi-t\"><div class=\"wp-block-embed__wrapper\">\n<blockquote class=\"wp-embedded-content\" data-secret=\"2lI1C6tIfU\"><a href=\"https:\/\/vieclamviet.net\/index.php\/2026\/04\/14\/hoat-dong-ngoai-khoa\/\">Ho\u1ea1t \u0111\u1ed9ng ngo\u1ea1i kh\u00f3a<\/a><\/blockquote><iframe loading=\"lazy\" class=\"wp-embedded-content\" sandbox=\"allow-scripts\" security=\"restricted\" style=\"position: absolute; visibility: hidden;\" title=\"&#8220;Ho\u1ea1t \u0111\u1ed9ng ngo\u1ea1i kh\u00f3a&#8221; &#8212; Vi\u1ec7c L\u00e0m Vi\u1ec7t\" src=\"https:\/\/vieclamviet.net\/index.php\/2026\/04\/14\/hoat-dong-ngoai-khoa\/embed\/#?secret=JhdpSBATJx#?secret=2lI1C6tIfU\" data-secret=\"2lI1C6tIfU\" width=\"500\" height=\"282\" frameborder=\"0\" marginwidth=\"0\" marginheight=\"0\" scrolling=\"no\"><\/iframe>\n<\/div><\/figure>\n<\/div>\n<\/div>\n","protected":false},"excerpt":{"rendered":"","protected":false},"author":1,"featured_media":0,"parent":0,"menu_order":0,"comment_status":"closed","ping_status":"closed","template":"","meta":{"site-sidebar-layout":"default","site-content-layout":"","ast-site-content-layout":"default","site-content-style":"default","site-sidebar-style":"default","ast-global-header-display":"","ast-banner-title-visibility":"","ast-main-header-display":"","ast-hfb-above-header-display":"","ast-hfb-below-header-display":"","ast-hfb-mobile-header-display":"","site-post-title":"","ast-breadcrumbs-content":"","ast-featured-img":"","footer-sml-layout":"","ast-disable-related-posts":"","theme-transparent-header-meta":"","adv-header-id-meta":"","stick-header-meta":"","header-above-stick-meta":"","header-main-stick-meta":"","header-below-stick-meta":"","astra-migrate-meta-layouts":"default","ast-page-background-enabled":"default","ast-page-background-meta":{"desktop":{"background-color":"var(--ast-global-color-5)","background-image":"","background-repeat":"repeat","background-position":"center center","background-size":"auto","background-attachment":"scroll","background-type":"","background-media":"","overlay-type":"","overlay-color":"","overlay-opacity":"","overlay-gradient":""},"tablet":{"background-color":"","background-image":"","background-repeat":"repeat","background-position":"center center","background-size":"auto","background-attachment":"scroll","background-type":"","background-media":"","overlay-type":"","overlay-color":"","overlay-opacity":"","overlay-gradient":""},"mobile":{"background-color":"","background-image":"","background-repeat":"repeat","background-position":"center center","background-size":"auto","background-attachment":"scroll","background-type":"","background-media":"","overlay-type":"","overlay-color":"","overlay-opacity":"","overlay-gradient":""}},"ast-content-background-meta":{"desktop":{"background-color":"var(--ast-global-color-4)","background-image":"","background-repeat":"repeat","background-position":"center center","background-size":"auto","background-attachment":"scroll","background-type":"","background-media":"","overlay-type":"","overlay-color":"","overlay-opacity":"","overlay-gradient":""},"tablet":{"background-color":"var(--ast-global-color-4)","background-image":"","background-repeat":"repeat","background-position":"center center","background-size":"auto","background-attachment":"scroll","background-type":"","background-media":"","overlay-type":"","overlay-color":"","overlay-opacity":"","overlay-gradient":""},"mobile":{"background-color":"var(--ast-global-color-4)","background-image":"","background-repeat":"repeat","background-position":"center center","background-size":"auto","background-attachment":"scroll","background-type":"","background-media":"","overlay-type":"","overlay-color":"","overlay-opacity":"","overlay-gradient":""}},"footnotes":""},"class_list":["post-392","page","type-page","status-publish","hentry"],"_links":{"self":[{"href":"https:\/\/vieclamviet.net\/index.php\/wp-json\/wp\/v2\/pages\/392","targetHints":{"allow":["GET"]}}],"collection":[{"href":"https:\/\/vieclamviet.net\/index.php\/wp-json\/wp\/v2\/pages"}],"about":[{"href":"https:\/\/vieclamviet.net\/index.php\/wp-json\/wp\/v2\/types\/page"}],"author":[{"embeddable":true,"href":"https:\/\/vieclamviet.net\/index.php\/wp-json\/wp\/v2\/users\/1"}],"replies":[{"embeddable":true,"href":"https:\/\/vieclamviet.net\/index.php\/wp-json\/wp\/v2\/comments?post=392"}],"version-history":[{"count":5,"href":"https:\/\/vieclamviet.net\/index.php\/wp-json\/wp\/v2\/pages\/392\/revisions"}],"predecessor-version":[{"id":550,"href":"https:\/\/vieclamviet.net\/index.php\/wp-json\/wp\/v2\/pages\/392\/revisions\/550"}],"wp:attachment":[{"href":"https:\/\/vieclamviet.net\/index.php\/wp-json\/wp\/v2\/media?parent=392"}],"curies":[{"name":"wp","href":"https:\/\/api.w.org\/{rel}","templated":true}]}}